{"id":58,"date":"2009-07-09T13:12:34","date_gmt":"2009-07-09T11:12:34","guid":{"rendered":"http:\/\/www.supersly.org\/archives\/dardex-2010\/\/dardex-mort2faim\/?page_id=58"},"modified":"2010-03-12T13:28:25","modified_gmt":"2010-03-12T13:28:25","slug":"liens","status":"publish","type":"page","link":"https:\/\/www.supersly.org\/archives\/dardex-2010\/?page_id=58","title":{"rendered":"Liens"},"content":{"rendered":"<ul> <a href=\"http:\/\/www.m2fcreations.fr\/\" target=\"_blank\">Association M2F Cr\u00e9ations<\/a><br \/>\n<a href=\"http:\/\/www.festival-gamerz.com\" target=\"_blank\">Festival GAMERZ 05<\/a><br \/>\n<a href=\"http:\/\/www.festival-gamerz.com\/gamerz04\" target=\"_blank\">Festival GAMERZ 04<\/a><br \/>\n<a href=\"http:\/\/08.a-m-b-e-r.net\/gamerz\/\" target=\"_blank\">Festival GAMERZ 03 <\/a>(<a href=\"http:\/\/08.a-m-b-e-r.net\/\" target=\"_blank\">Festival AMBER<\/a>)<br \/>\n<a href=\"http:\/\/gamerz02.blogspot.com\/\" target=\"_blank\">Exposition GAMERZ 02<\/a><br \/>\n<a href=\"http:\/\/expogamerz.blogspot.com\/\" target=\"_blank\">Exposition GAMERZ<\/a><br \/>\n<a href=\"http:\/\/expocamping.blogspot.com\/\" target=\"_blank\">Exposition Camping<\/a><br \/>\n<a href=\"http:\/\/m2f-creationselektrocircus.blogspot.com\/\" target=\"_blank\">Tente Game-Art au festival Elektro-Circus 2007<\/a><br \/>\n<a href=\"http:\/\/www.supersly.org\" target=\"_blank\">Sylvain Huguet<\/a><br \/>\n<a href=\"http:\/\/www.pauldestieu.com\/\" target=\"_blank\">Paul Destieu<\/a><br \/>\n<a href=\"http:\/\/www.silondi.net\" target=\"_blank\">Pascal Silondi<\/a><br \/>\n<a href=\"http:\/\/www.chabalab.net\/\" target=\"_blank\">Ivan Chabanaud<\/a><br \/>\n<a href=\"http:\/\/www.eniarof.com\/\" target=\"_blank\">Festival Eniarof<\/a><br \/>\n<a href=\"http:\/\/www.la-vitrine.eu\/\" target=\"_blank\">Association La Vitrine <\/a>(Slovenie)<br \/>\n<a href=\"http:\/\/www.eniarof.com\/archives\/sloveniarof\/\" target=\"_blank\">Sloveniarof<\/a><br \/>\n<a href=\"http:\/\/www.ciant.cz\" target=\"_blank\">CIANT<\/a> (R\u00e9publique Tch\u00e8que)<br \/>\n<a href=\"http:\/\/www.mary07.com\/\" target=\"_blank\">Mary Mouysset<\/a><br \/>\n<a href=\"http:\/\/atocorp.free.fr\" target=\"_blank\">Antonin Fourneau<\/a><br \/>\n<a href=\"http:\/\/jankenpopp.free.fr\" target=\"_blank\">Jankenpopp<\/a><br \/>\n<a href=\"http:\/\/www.fuck-dance-lets-art.com\/\" target=\"_blank\">Thomas Michalak (TM)<\/a><br \/>\n<a href=\"http:\/\/www.christophe-martin.fr\/\" target=\"_blank\">Christophe Martin<\/a><br \/>\n<a href=\"http:\/\/www.dekalko.com\" target=\"_blank\">Djeff Regottaz<\/a><br \/>\n<a href=\"http:\/\/www.lohic.net\" target=\"_blank\">Lo\u00efc Horellou<\/a><br \/>\n<a href=\"http:\/\/decept.org\/\" target=\"_blank\">Manuel Braun<\/a><br \/>\n<a href=\"http:\/\/www.festival-emergences.info\/2007\/\" target=\"_blank\">Festival Emergences 2007<\/a><br \/>\n<a href=\"http:\/\/www.festival-emergences.info\/2006\/\" target=\"_blank\">Festival Emergences 2006<\/a><br \/>\n<a href=\"http:\/\/www.freesson.free.fr\" target=\"_blank\">Collectif Freesson<\/a><br \/>\n<a href=\"http:\/\/www.labomedia.org\/\" target=\"_blank\">Association Labomedia<\/a><br \/>\n<a href=\"http:\/\/www.pernambuco.fr\/\" target=\"_blank\">www.pernambuco.fr<\/a><br \/>\n<a href=\"http:\/\/www.sklunk.net\/\" target=\"_blank\">www.sklunk.net<\/a><br \/>\n<a href=\"http:\/\/sperm.cz\/\" target=\"_blank\">Sperm Festival<\/a><br \/>\n<a href=\"http:\/\/www.art4eu.net\/\" target=\"_blank\">P\u00e9pini\u00e8res Europ\u00e9ennes pour jeunes artistes<\/a><br \/>\n<a href=\"http:\/\/www.christelleespinasse.fr\/\" target=\"_blank\">Christelle Espinasse<\/a><br \/>\n<a href=\"http:\/\/coco2053.free.fr\/\" target=\"_blank\">Bastien Vacherand<\/a><br \/>\n<a href=\"http:\/\/1175.free.fr\" target=\"_blank\">Guillaume Stagnaro<\/a><br \/>\n<a href=\"http:\/\/www.servovalve.org\/\" target=\"_blank\">Servovalve<\/a><br \/>\n<a href=\"http:\/\/www.gregorth.net\/\" target=\"_blank\">Gregoire Lauvin<\/a><br \/>\n<a href=\"http:\/\/www.bombadabom.net\/\" target=\"_blank\">Josu\u00e9 Rausher<\/a><br \/>\n<a href=\"http:\/\/annachocola.free.fr\/\" target=\"_blank\">Anna Orliac<\/a><br \/>\n<a href=\"http:\/\/www.beauty-idea.com\/\" target=\"_blank\">Julien Legars<\/a><br \/>\n<a href=\"http:\/\/hr.loxx.free.fr\" target=\"_blank\">Lois Roussillon<\/a><br \/>\n<a href=\"http:\/\/fernandfernandez.centsix.org\" target=\"_blank\">Fernand Fernandez<\/a><br \/>\n<a href=\"http:\/\/sperm.cz\/\" target=\"_blank\">Pierre Andrieux<\/a><br \/>\n<a href=\"http:\/\/monsieurmoo.com\" target=\"_blank\">Mr Moo<\/a><br \/>\n<a href=\"http:\/\/iarvers.free.fr\/\" target=\"_blank\">Isabelle Arvers<\/a><br \/>\n<a href=\"http:\/\/cuicui.port5.com\" target=\"_blank\">Cui Cui<\/a><br \/>\n<a href=\"http:\/\/fenshu.free.fr\" target=\"_blank\">Fenshu<\/a><br \/>\n<a href=\"http:\/\/www.micromusic.net\/\" target=\"_blank\">Micromusic<\/a><br \/>\n<a href=\"http:\/\/www.myspace.com\/confipop\" target=\"_blank\">Confipop<\/a><br \/>\n<a href=\"http:\/\/sidabitball.free.fr\/\" target=\"_blank\">Sidabitball<\/a><br \/>\n<a href=\"http:\/\/www.ecmkawenga.com\" target=\"_blank\">Kawenga<\/a>, Territoires num\u00e9riques.<\/ul>\n","protected":false},"excerpt":{"rendered":"<p>Association M2F Cr\u00e9ations Festival GAMERZ 05 Festival GAMERZ 04 Festival GAMERZ 03 (Festival AMBER) Exposition GAMERZ 02 Exposition GAMERZ Exposition Camping Tente Game-Art au festival Elektro-Circus 2007 Sylvain Huguet Paul Destieu Pascal Silondi Ivan Chabanaud Festival Eniarof Association La Vitrine (Slovenie) Sloveniarof CIANT (R\u00e9publique Tch\u00e8que) Mary Mouysset Antonin Fourneau Jankenpopp Thomas Michalak (TM) Christophe Martin [&hellip;]<\/p>\n","protected":false},"author":1,"featured_media":0,"parent":0,"menu_order":4,"comment_status":"closed","ping_status":"open","template":"","meta":{"footnotes":""},"class_list":["post-58","page","type-page","status-publish","hentry"],"_links":{"self":[{"href":"https:\/\/www.supersly.org\/archives\/dardex-2010\/index.php?rest_route=\/wp\/v2\/pages\/58"}],"collection":[{"href":"https:\/\/www.supersly.org\/archives\/dardex-2010\/index.php?rest_route=\/wp\/v2\/pages"}],"about":[{"href":"https:\/\/www.supersly.org\/archives\/dardex-2010\/index.php?rest_route=\/wp\/v2\/types\/page"}],"author":[{"embeddable":true,"href":"https:\/\/www.supersly.org\/archives\/dardex-2010\/index.php?rest_route=\/wp\/v2\/users\/1"}],"replies":[{"embeddable":true,"href":"https:\/\/www.supersly.org\/archives\/dardex-2010\/index.php?rest_route=%2Fwp%2Fv2%2Fcomments&post=58"}],"version-history":[{"count":10,"href":"https:\/\/www.supersly.org\/archives\/dardex-2010\/index.php?rest_route=\/wp\/v2\/pages\/58\/revisions"}],"predecessor-version":[{"id":400,"href":"https:\/\/www.supersly.org\/archives\/dardex-2010\/index.php?rest_route=\/wp\/v2\/pages\/58\/revisions\/400"}],"wp:attachment":[{"href":"https:\/\/www.supersly.org\/archives\/dardex-2010\/index.php?rest_route=%2Fwp%2Fv2%2Fmedia&parent=58"}],"curies":[{"name":"wp","href":"https:\/\/api.w.org\/{rel}","templated":true}]}}